{"id":8041,"date":"2020-04-07T13:58:31","date_gmt":"2020-04-07T12:58:31","guid":{"rendered":"https:\/\/the7.io\/business-advisors\/?page_id=9"},"modified":"2024-03-06T17:48:07","modified_gmt":"2024-03-06T17:48:07","slug":"uberuns","status":"publish","type":"page","link":"https:\/\/smilezoneturkey.com\/de\/uberuns\/","title":{"rendered":"\u00dcber uns"},"content":{"rendered":"\t\t<div data-elementor-type=\"wp-page\" data-elementor-id=\"8041\" class=\"elementor elementor-8041\" data-elementor-post-type=\"page\">\n\t\t\t\t\t\t<section class=\"elementor-section elementor-top-section elementor-element elementor-element-65b714f elementor-reverse-tablet elementor-reverse-mobile elementor-section-boxed elementor-section-height-default elementor-section-height-default\" data-id=\"65b714f\" data-element_type=\"section\">\n\t\t\t\t\t\t<div class=\"elementor-container elementor-column-gap-wider\">\n\t\t\t\t\t<div class=\"elementor-column elementor-col-50 elementor-top-column elementor-element elementor-element-f873a23\" data-id=\"f873a23\" data-element_type=\"column\">\n\t\t\t<div class=\"elementor-widget-wrap elementor-element-populated\">\n\t\t\t\t\t\t<div class=\"elementor-element elementor-element-ea61740 elementor-widget-tablet__width-inherit elementor-widget elementor-widget-heading\" data-id=\"ea61740\" data-element_type=\"widget\" data-widget_type=\"heading.default\">\n\t\t\t\t<div class=\"elementor-widget-container\">\n\t\t\t<h4 class=\"elementor-heading-title elementor-size-default\">Unsere Geschichte<\/h4>\t\t<\/div>\n\t\t\t\t<\/div>\n\t\t\t\t<div class=\"elementor-element elementor-element-759c34d elementor-widget elementor-widget-spacer\" data-id=\"759c34d\" data-element_type=\"widget\" data-widget_type=\"spacer.default\">\n\t\t\t\t<div class=\"elementor-widget-container\">\n\t\t\t\t\t<div class=\"elementor-spacer\">\n\t\t\t<div class=\"elementor-spacer-inner\"><\/div>\n\t\t<\/div>\n\t\t\t\t<\/div>\n\t\t\t\t<\/div>\n\t\t\t\t<div class=\"elementor-element elementor-element-1fb5515 elementor-widget elementor-widget-heading\" data-id=\"1fb5515\" data-element_type=\"widget\" data-widget_type=\"heading.default\">\n\t\t\t\t<div class=\"elementor-widget-container\">\n\t\t\t<h3 class=\"elementor-heading-title elementor-size-default\">Ein zuverl\u00e4ssiger und freundlicher Partner f\u00fcr unsere Patienten<\/h3>\t\t<\/div>\n\t\t\t\t<\/div>\n\t\t\t\t<div class=\"elementor-element elementor-element-fa09afb elementor-widget elementor-widget-spacer\" data-id=\"fa09afb\" data-element_type=\"widget\" data-widget_type=\"spacer.default\">\n\t\t\t\t<div class=\"elementor-widget-container\">\n\t\t\t\t\t<div class=\"elementor-spacer\">\n\t\t\t<div class=\"elementor-spacer-inner\"><\/div>\n\t\t<\/div>\n\t\t\t\t<\/div>\n\t\t\t\t<\/div>\n\t\t\t\t<div class=\"elementor-element elementor-element-c499a2f elementor-widget elementor-widget-text-editor\" data-id=\"c499a2f\" data-element_type=\"widget\" data-widget_type=\"text-editor.default\">\n\t\t\t\t<div class=\"elementor-widget-container\">\n\t\t\t\t\t\t\t<p><span lang=\"en\"><span>Als Smile Zone Turkey sind wir mit der Vision angetreten, ein zuverl\u00e4ssiger und freundlicher Partner f\u00fcr unsere Patienten im Gesundheitstourismussektor zu sein.\u00a0<\/span><\/span><span lang=\"en\"><span>Auf dieser Reise bieten wir unseren Patienten eine unvergessliche Reisem\u00f6glichkeit, indem wir Behandlung und Urlaubserlebnis kombinieren.\u00a0<\/span><\/span><span lang=\"en\"><span>Mit unserem fachkundigen \u00c4rzteteam, modernen Kliniken und einem Expertenteam im Tourismusbereich stehen wir unseren Patienten in jeder Phase zur Seite.\u00a0<\/span><\/span><span lang=\"en\"><span>Indem wir die Innovationen in der Branche verfolgen, sind wir st\u00e4ndig bestrebt, unsere Servicequalit\u00e4t zu verbessern und die Patientenzufriedenheit auf h\u00f6chstem Niveau zu halten.<\/span><\/span><\/p>\t\t\t\t\t\t<\/div>\n\t\t\t\t<\/div>\n\t\t\t\t\t<\/div>\n\t\t<\/div>\n\t\t\t\t<div class=\"elementor-column elementor-col-50 elementor-top-column elementor-element elementor-element-da29468\" data-id=\"da29468\" data-element_type=\"column\">\n\t\t\t<div class=\"elementor-widget-wrap elementor-element-populated\">\n\t\t\t\t\t\t<div class=\"elementor-element elementor-element-dd276e1 elementor-widget elementor-widget-image\" data-id=\"dd276e1\" data-element_type=\"widget\" data-widget_type=\"image.default\">\n\t\t\t\t<div class=\"elementor-widget-container\">\n\t\t\t\t\t\t\t\t\t\t\t\t\t<img fetchpriority=\"high\" decoding=\"async\" width=\"319\" height=\"388\" src=\"https:\/\/smilezoneturkey.com\/de\/wp-content\/uploads\/2024\/03\/smile-zone-img-vrb.png\" class=\"attachment-full size-full wp-image-12252\" alt=\"\" srcset=\"https:\/\/smilezoneturkey.com\/de\/wp-content\/uploads\/2024\/03\/smile-zone-img-vrb.png 319w, https:\/\/smilezoneturkey.com\/de\/wp-content\/uploads\/2024\/03\/smile-zone-img-vrb-247x300.png 247w\" sizes=\"(max-width: 319px) 100vw, 319px\" \/>\t\t\t\t\t\t\t\t\t\t\t\t\t<\/div>\n\t\t\t\t<\/div>\n\t\t\t\t\t<\/div>\n\t\t<\/div>\n\t\t\t\t\t<\/div>\n\t\t<\/section>\n\t\t\t\t<section class=\"elementor-section elementor-top-section elementor-element elementor-element-9e3cc5f elementor-section-content-middle elementor-section-boxed elementor-section-height-default elementor-section-height-default\" data-id=\"9e3cc5f\" data-element_type=\"section\">\n\t\t\t\t\t\t<div class=\"elementor-container elementor-column-gap-wider\">\n\t\t\t\t\t<div class=\"elementor-column elementor-col-100 elementor-top-column elementor-element elementor-element-8ef6b61\" data-id=\"8ef6b61\" data-element_type=\"column\">\n\t\t\t<div class=\"elementor-widget-wrap elementor-element-populated\">\n\t\t\t\t\t\t<div class=\"elementor-element elementor-element-4e9ca41 content-align-center icon-position-top icon-vertical-align-center icon-box-vertical-align-center elementor-widget elementor-widget-the7_icon_box_grid_widget\" data-id=\"4e9ca41\" data-element_type=\"widget\" data-widget_type=\"the7_icon_box_grid_widget.default\">\n\t\t\t\t<div class=\"elementor-widget-container\">\n\t\t\t<div class=\"the7-box-grid-wrapper the7-elementor-widget loading-effect-none the7_icon_box_grid_widget-4e9ca41\">\t\t\t<div class=\"dt-css-grid\">\n\t\t\t\t\t\t\t\t\t<div class=\"wf-cell shown\">\n\t\t\t\t\t\t<div class=\"the7-icon-box-grid\">\t\t\t\t\t\t\t<div class=\"box-content-wrapper\">\n\t\t\t\t\t\t\t\t\t\t\t\t\t\t\t\t\t<a class=\"elementor-icon-div\" >\t\t\t\t\t\t\t\t\t\t<div class=\"elementor-icon\">\n\t\t\t\t\t\t\t\t\t\t\t<svg xmlns=\"http:\/\/www.w3.org\/2000\/svg\" width=\"16\" height=\"16\" fill=\"currentColor\" class=\"bi bi-briefcase\" viewBox=\"0 0 16 16\"><path d=\"M6.5 1A1.5 1.5 0 0 0 5 2.5V3H1.5A1.5 1.5 0 0 0 0 4.5v8A1.5 1.5 0 0 0 1.5 14h13a1.5 1.5 0 0 0 1.5-1.5v-8A1.5 1.5 0 0 0 14.5 3H11v-.5A1.5 1.5 0 0 0 9.5 1h-3zm0 1h3a.5.5 0 0 1 .5.5V3H6v-.5a.5.5 0 0 1 .5-.5zm1.886 6.914L15 7.151V12.5a.5.5 0 0 1-.5.5h-13a.5.5 0 0 1-.5-.5V7.15l6.614 1.764a1.5 1.5 0 0 0 .772 0zM1.5 4h13a.5.5 0 0 1 .5.5v1.616L8.129 7.948a.5.5 0 0 1-.258 0L1 6.116V4.5a.5.5 0 0 1 .5-.5z\"><\/path><\/svg>\t\t\t\t\t\t\t\t\t\t<\/div>\n\t\t\t\t\t\t\t\t\t<\/a>\t\t\t\t\t\t\t\t\t\t\t\t\t\t\t\t<div class=\"box-content\">\n\t\t\t\t\t\t\t\t\t\t\t\t\t\t\t\t\t\t\t\t\t\t\t\t\t\t\t\t\t<h4 class=\"box-heading\">\n\t\t\t\t\t\t\t\t\t\t\t<a >\t\t\t\t\t\t\t\t\t\t\t\tUnsere Erfahrung\t\t\t\t\t\t\t\t\t\t\t<\/a>\t\t\t\t\t\t\t\t\t\t<\/h4>\n\t\t\t\t\t\t\t\t\t\t\t\t\t\t\t\t\t\t\t\t\t\t\t\t\t\t\t\t<div class=\"box-description\">Hochqualifiziertes Personal<\/div>\n\t\t\t\t\t\t\t\t\t\t\t\t\t\t\t\t\t\t\t\t\t\t\t\t\t\t<\/div>\n\t\t\t\t\t\t\t<\/div>\n\t\t\t\t\t\t<\/div>\t\t\t\t\t<\/div>\n\t\t\t\t\t\t\t\t\t<div class=\"wf-cell shown\">\n\t\t\t\t\t\t<div class=\"the7-icon-box-grid\">\t\t\t\t\t\t\t<div class=\"box-content-wrapper\">\n\t\t\t\t\t\t\t\t\t\t\t\t\t\t\t\t\t<a class=\"elementor-icon-div\" >\t\t\t\t\t\t\t\t\t\t<div class=\"elementor-icon\">\n\t\t\t\t\t\t\t\t\t\t\t<svg xmlns=\"http:\/\/www.w3.org\/2000\/svg\" width=\"16\" height=\"16\" fill=\"currentColor\" class=\"bi bi-globe2\" viewBox=\"0 0 16 16\"><path d=\"M0 8a8 8 0 1 1 16 0A8 8 0 0 1 0 8zm7.5-6.923c-.67.204-1.335.82-1.887 1.855-.143.268-.276.56-.395.872.705.157 1.472.257 2.282.287V1.077zM4.249 3.539c.142-.384.304-.744.481-1.078a6.7 6.7 0 0 1 .597-.933A7.01 7.01 0 0 0 3.051 3.05c.362.184.763.349 1.198.49zM3.509 7.5c.036-1.07.188-2.087.436-3.008a9.124 9.124 0 0 1-1.565-.667A6.964 6.964 0 0 0 1.018 7.5h2.49zm1.4-2.741a12.344 12.344 0 0 0-.4 2.741H7.5V5.091c-.91-.03-1.783-.145-2.591-.332zM8.5 5.09V7.5h2.99a12.342 12.342 0 0 0-.399-2.741c-.808.187-1.681.301-2.591.332zM4.51 8.5c.035.987.176 1.914.399 2.741A13.612 13.612 0 0 1 7.5 10.91V8.5H4.51zm3.99 0v2.409c.91.03 1.783.145 2.591.332.223-.827.364-1.754.4-2.741H8.5zm-3.282 3.696c.12.312.252.604.395.872.552 1.035 1.218 1.65 1.887 1.855V11.91c-.81.03-1.577.13-2.282.287zm.11 2.276a6.696 6.696 0 0 1-.598-.933 8.853 8.853 0 0 1-.481-1.079 8.38 8.38 0 0 0-1.198.49 7.01 7.01 0 0 0 2.276 1.522zm-1.383-2.964A13.36 13.36 0 0 1 3.508 8.5h-2.49a6.963 6.963 0 0 0 1.362 3.675c.47-.258.995-.482 1.565-.667zm6.728 2.964a7.009 7.009 0 0 0 2.275-1.521 8.376 8.376 0 0 0-1.197-.49 8.853 8.853 0 0 1-.481 1.078 6.688 6.688 0 0 1-.597.933zM8.5 11.909v3.014c.67-.204 1.335-.82 1.887-1.855.143-.268.276-.56.395-.872A12.63 12.63 0 0 0 8.5 11.91zm3.555-.401c.57.185 1.095.409 1.565.667A6.963 6.963 0 0 0 14.982 8.5h-2.49a13.36 13.36 0 0 1-.437 3.008zM14.982 7.5a6.963 6.963 0 0 0-1.362-3.675c-.47.258-.995.482-1.565.667.248.92.4 1.938.437 3.008h2.49zM11.27 2.461c.177.334.339.694.482 1.078a8.368 8.368 0 0 0 1.196-.49 7.01 7.01 0 0 0-2.275-1.52c.218.283.418.597.597.932zm-.488 1.343a7.765 7.765 0 0 0-.395-.872C9.835 1.897 9.17 1.282 8.5 1.077V4.09c.81-.03 1.577-.13 2.282-.287z\"><\/path><\/svg>\t\t\t\t\t\t\t\t\t\t<\/div>\n\t\t\t\t\t\t\t\t\t<\/a>\t\t\t\t\t\t\t\t\t\t\t\t\t\t\t\t<div class=\"box-content\">\n\t\t\t\t\t\t\t\t\t\t\t\t\t\t\t\t\t\t\t\t\t\t\t\t\t\t\t\t\t<h4 class=\"box-heading\">\n\t\t\t\t\t\t\t\t\t\t\t<a >\t\t\t\t\t\t\t\t\t\t\t\tMit erfahrenem Personal\t\t\t\t\t\t\t\t\t\t\t<\/a>\t\t\t\t\t\t\t\t\t\t<\/h4>\n\t\t\t\t\t\t\t\t\t\t\t\t\t\t\t\t\t\t\t\t\t\t\t\t\t\t\t\t<div class=\"box-description\">Wir planen, mit 15 L\u00e4ndern zusammenzuarbeiten<\/div>\n\t\t\t\t\t\t\t\t\t\t\t\t\t\t\t\t\t\t\t\t\t\t\t\t\t\t<\/div>\n\t\t\t\t\t\t\t<\/div>\n\t\t\t\t\t\t<\/div>\t\t\t\t\t<\/div>\n\t\t\t\t\t\t\t\t\t<div class=\"wf-cell shown\">\n\t\t\t\t\t\t<div class=\"the7-icon-box-grid\">\t\t\t\t\t\t\t<div class=\"box-content-wrapper\">\n\t\t\t\t\t\t\t\t\t\t\t\t\t\t\t\t\t<a class=\"elementor-icon-div\" >\t\t\t\t\t\t\t\t\t\t<div class=\"elementor-icon\">\n\t\t\t\t\t\t\t\t\t\t\t<svg xmlns=\"http:\/\/www.w3.org\/2000\/svg\" width=\"16\" height=\"16\" fill=\"currentColor\" class=\"bi bi-people\" viewBox=\"0 0 16 16\"><path d=\"M15 14s1 0 1-1-1-4-5-4-5 3-5 4 1 1 1 1h8Zm-7.978-1A.261.261 0 0 1 7 12.996c.001-.264.167-1.03.76-1.72C8.312 10.629 9.282 10 11 10c1.717 0 2.687.63 3.24 1.276.593.69.758 1.457.76 1.72l-.008.002a.274.274 0 0 1-.014.002H7.022ZM11 7a2 2 0 1 0 0-4 2 2 0 0 0 0 4Zm3-2a3 3 0 1 1-6 0 3 3 0 0 1 6 0ZM6.936 9.28a5.88 5.88 0 0 0-1.23-.247A7.35 7.35 0 0 0 5 9c-4 0-5 3-5 4 0 .667.333 1 1 1h4.216A2.238 2.238 0 0 1 5 13c0-1.01.377-2.042 1.09-2.904.243-.294.526-.569.846-.816ZM4.92 10A5.493 5.493 0 0 0 4 13H1c0-.26.164-1.03.76-1.724.545-.636 1.492-1.256 3.16-1.275ZM1.5 5.5a3 3 0 1 1 6 0 3 3 0 0 1-6 0Zm3-2a2 2 0 1 0 0 4 2 2 0 0 0 0-4Z\"><\/path><\/svg>\t\t\t\t\t\t\t\t\t\t<\/div>\n\t\t\t\t\t\t\t\t\t<\/a>\t\t\t\t\t\t\t\t\t\t\t\t\t\t\t\t<div class=\"box-content\">\n\t\t\t\t\t\t\t\t\t\t\t\t\t\t\t\t\t\t\t\t\t\t\t\t\t\t\t\t\t<h4 class=\"box-heading\">\n\t\t\t\t\t\t\t\t\t\t\t<a >\t\t\t\t\t\t\t\t\t\t\t\tUnser Ziel\t\t\t\t\t\t\t\t\t\t\t<\/a>\t\t\t\t\t\t\t\t\t\t<\/h4>\n\t\t\t\t\t\t\t\t\t\t\t\t\t\t\t\t\t\t\t\t\t\t\t\t\t\t\t\t<div class=\"box-description\">1000+ G\u00e4ste\/Jahr<\/div>\n\t\t\t\t\t\t\t\t\t\t\t\t\t\t\t\t\t\t\t\t\t\t\t\t\t\t<\/div>\n\t\t\t\t\t\t\t<\/div>\n\t\t\t\t\t\t<\/div>\t\t\t\t\t<\/div>\n\t\t\t\t\t\t\t<\/div>\n\t\t<\/div>\t\t<\/div>\n\t\t\t\t<\/div>\n\t\t\t\t\t<\/div>\n\t\t<\/div>\n\t\t\t\t\t<\/div>\n\t\t<\/section>\n\t\t\t\t<section class=\"elementor-section elementor-top-section elementor-element elementor-element-2a5ab6f elementor-section-boxed elementor-section-height-default elementor-section-height-default\" data-id=\"2a5ab6f\" data-element_type=\"section\">\n\t\t\t\t\t\t<div class=\"elementor-container elementor-column-gap-wider\">\n\t\t\t\t\t<div class=\"elementor-column elementor-col-50 elementor-top-column elementor-element elementor-element-47a4dd7\" data-id=\"47a4dd7\" data-element_type=\"column\">\n\t\t\t<div class=\"elementor-widget-wrap elementor-element-populated\">\n\t\t\t\t\t\t<div class=\"elementor-element elementor-element-d46e017 elementor-widget elementor-widget-image\" data-id=\"d46e017\" data-element_type=\"widget\" data-widget_type=\"image.default\">\n\t\t\t\t<div class=\"elementor-widget-container\">\n\t\t\t\t\t\t\t\t\t\t\t\t\t<img decoding=\"async\" width=\"758\" height=\"615\" src=\"https:\/\/smilezoneturkey.com\/de\/wp-content\/uploads\/2022\/11\/undraw_business_deal_re_up4u.svg\" class=\"attachment-full size-full wp-image-11277\" alt=\"\" \/>\t\t\t\t\t\t\t\t\t\t\t\t\t<\/div>\n\t\t\t\t<\/div>\n\t\t\t\t\t<\/div>\n\t\t<\/div>\n\t\t\t\t<div class=\"elementor-column elementor-col-50 elementor-top-column elementor-element elementor-element-2fdf254\" data-id=\"2fdf254\" data-element_type=\"column\">\n\t\t\t<div class=\"elementor-widget-wrap elementor-element-populated\">\n\t\t\t\t\t\t<div class=\"elementor-element elementor-element-65758d9 elementor-widget-tablet__width-inherit elementor-widget elementor-widget-heading\" data-id=\"65758d9\" data-element_type=\"widget\" data-widget_type=\"heading.default\">\n\t\t\t\t<div class=\"elementor-widget-container\">\n\t\t\t<h4 class=\"elementor-heading-title elementor-size-default\">Unsere Aufgabe<\/h4>\t\t<\/div>\n\t\t\t\t<\/div>\n\t\t\t\t<div class=\"elementor-element elementor-element-ee00441 elementor-widget elementor-widget-spacer\" data-id=\"ee00441\" data-element_type=\"widget\" data-widget_type=\"spacer.default\">\n\t\t\t\t<div class=\"elementor-widget-container\">\n\t\t\t\t\t<div class=\"elementor-spacer\">\n\t\t\t<div class=\"elementor-spacer-inner\"><\/div>\n\t\t<\/div>\n\t\t\t\t<\/div>\n\t\t\t\t<\/div>\n\t\t\t\t<div class=\"elementor-element elementor-element-8f68000 elementor-widget elementor-widget-text-editor\" data-id=\"8f68000\" data-element_type=\"widget\" data-widget_type=\"text-editor.default\">\n\t\t\t\t<div class=\"elementor-widget-container\">\n\t\t\t\t\t\t\t<p><span>Unsere Vision ist es, einen echten Wendepunkt im Leben unserer Patienten zu schaffen, indem wir \u00fcber den reinen Behandlungsprozess des Gesundheitstourismus hinausgehen.<\/span><\/p><p><span>Unsere Mission ist es, unseren Patienten ein angenehmes Reiseerlebnis zu erm\u00f6glichen, indem wir ihnen die am besten geeigneten Behandlungsm\u00f6glichkeiten bieten.\u00a0Wir bieten unseren Patienten modernste Behandlungsm\u00f6glichkeiten, um diesen Prozess zu vereinfachen.<\/span><\/p>\t\t\t\t\t\t<\/div>\n\t\t\t\t<\/div>\n\t\t\t\t<div class=\"elementor-element elementor-element-f3f1392 elementor-widget elementor-widget-spacer\" data-id=\"f3f1392\" data-element_type=\"widget\" data-widget_type=\"spacer.default\">\n\t\t\t\t<div class=\"elementor-widget-container\">\n\t\t\t\t\t<div class=\"elementor-spacer\">\n\t\t\t<div class=\"elementor-spacer-inner\"><\/div>\n\t\t<\/div>\n\t\t\t\t<\/div>\n\t\t\t\t<\/div>\n\t\t\t\t<div class=\"elementor-element elementor-element-39f5f68 elementor-widget-tablet__width-inherit elementor-widget elementor-widget-heading\" data-id=\"39f5f68\" data-element_type=\"widget\" data-widget_type=\"heading.default\">\n\t\t\t\t<div class=\"elementor-widget-container\">\n\t\t\t<h4 class=\"elementor-heading-title elementor-size-default\">Unsere Werte<\/h4>\t\t<\/div>\n\t\t\t\t<\/div>\n\t\t\t\t<div class=\"elementor-element elementor-element-b2dc80f elementor-widget elementor-widget-spacer\" data-id=\"b2dc80f\" data-element_type=\"widget\" data-widget_type=\"spacer.default\">\n\t\t\t\t<div class=\"elementor-widget-container\">\n\t\t\t\t\t<div class=\"elementor-spacer\">\n\t\t\t<div class=\"elementor-spacer-inner\"><\/div>\n\t\t<\/div>\n\t\t\t\t<\/div>\n\t\t\t\t<\/div>\n\t\t\t\t<div class=\"elementor-element elementor-element-b4c4d22 icon-vertical-align-center content-align-left icon-box-vertical-align-top icon-position-left elementor-widget elementor-widget-the7_icon_box_grid_widget\" data-id=\"b4c4d22\" data-element_type=\"widget\" data-widget_type=\"the7_icon_box_grid_widget.default\">\n\t\t\t\t<div class=\"elementor-widget-container\">\n\t\t\t<div class=\"the7-box-grid-wrapper the7-elementor-widget loading-effect-none the7_icon_box_grid_widget-b4c4d22\">\t\t\t<div class=\"dt-css-grid\">\n\t\t\t\t\t\t\t\t\t<div class=\"wf-cell shown\">\n\t\t\t\t\t\t<div class=\"the7-icon-box-grid\">\t\t\t\t\t\t\t<div class=\"box-content-wrapper\">\n\t\t\t\t\t\t\t\t\t\t\t\t\t\t\t\t\t<a class=\"elementor-icon-div\" >\t\t\t\t\t\t\t\t\t\t<div class=\"elementor-icon\">\n\t\t\t\t\t\t\t\t\t\t\t<svg xmlns=\"http:\/\/www.w3.org\/2000\/svg\" width=\"16\" height=\"16\" fill=\"currentColor\" class=\"bi bi-check-circle\" viewBox=\"0 0 16 16\"><path d=\"M8 15A7 7 0 1 1 8 1a7 7 0 0 1 0 14zm0 1A8 8 0 1 0 8 0a8 8 0 0 0 0 16z\"><\/path><path d=\"M10.97 4.97a.235.235 0 0 0-.02.022L7.477 9.417 5.384 7.323a.75.75 0 0 0-1.06 1.06L6.97 11.03a.75.75 0 0 0 1.079-.02l3.992-4.99a.75.75 0 0 0-1.071-1.05z\"><\/path><\/svg>\t\t\t\t\t\t\t\t\t\t<\/div>\n\t\t\t\t\t\t\t\t\t<\/a>\t\t\t\t\t\t\t\t\t\t\t\t\t\t\t\t<div class=\"box-content\">\n\t\t\t\t\t\t\t\t\t\t\t\t\t\t\t\t\t\t\t\t\t\t\t\t\t\t\t\t\t<h4 class=\"box-heading\">\n\t\t\t\t\t\t\t\t\t\t\t<a >\t\t\t\t\t\t\t\t\t\t\t\tDie Zufriedenheit unserer Patienten hat f\u00fcr uns Priorit\u00e4t\t\t\t\t\t\t\t\t\t\t\t<\/a>\t\t\t\t\t\t\t\t\t\t<\/h4>\n\t\t\t\t\t\t\t\t\t\t\t\t\t\t\t\t\t\t\t\t\t\t\t\t\t\t\t\t<div class=\"box-description\">Unser erfahrenes Team geht aufmerksam auf die Bed\u00fcrfnisse und W\u00fcnsche unserer Patienten ein und arbeitet daran, den f\u00fcr sie am besten geeigneten Behandlungsplan zu erstellen. Als Smile Zone Turkey legen wir h\u00f6chsten Wert auf den Komfort und die Zufriedenheit unserer Patienten und stellen in jeder Phase des Behandlungsprozesses eine transparente Kommunikation mit unseren Patienten her.<\/div>\n\t\t\t\t\t\t\t\t\t\t\t\t\t\t\t\t\t\t\t\t\t\t\t\t\t\t<\/div>\n\t\t\t\t\t\t\t<\/div>\n\t\t\t\t\t\t<\/div>\t\t\t\t\t<\/div>\n\t\t\t\t\t\t\t<\/div>\n\t\t<\/div>\t\t<\/div>\n\t\t\t\t<\/div>\n\t\t\t\t\t<\/div>\n\t\t<\/div>\n\t\t\t\t\t<\/div>\n\t\t<\/section>\n\t\t\t\t<section class=\"elementor-section elementor-top-section elementor-element elementor-element-3049372 elementor-section-content-middle elementor-section-boxed elementor-section-height-default elementor-section-height-default\" data-id=\"3049372\" data-element_type=\"section\" data-settings=\"{&quot;shape_divider_top&quot;:&quot;mountains&quot;}\">\n\t\t\t\t\t\t\t<div class=\"elementor-background-overlay\"><\/div>\n\t\t\t\t\t\t<div class=\"elementor-shape elementor-shape-top\" data-negative=\"false\">\n\t\t\t<svg xmlns=\"http:\/\/www.w3.org\/2000\/svg\" viewBox=\"0 0 1000 100\" preserveAspectRatio=\"none\">\n\t<path class=\"elementor-shape-fill\" opacity=\"0.33\" d=\"M473,67.3c-203.9,88.3-263.1-34-320.3,0C66,119.1,0,59.7,0,59.7V0h1000v59.7 c0,0-62.1,26.1-94.9,29.3c-32.8,3.3-62.8-12.3-75.8-22.1C806,49.6,745.3,8.7,694.9,4.7S492.4,59,473,67.3z\"\/>\n\t<path class=\"elementor-shape-fill\" opacity=\"0.66\" d=\"M734,67.3c-45.5,0-77.2-23.2-129.1-39.1c-28.6-8.7-150.3-10.1-254,39.1 s-91.7-34.4-149.2,0C115.7,118.3,0,39.8,0,39.8V0h1000v36.5c0,0-28.2-18.5-92.1-18.5C810.2,18.1,775.7,67.3,734,67.3z\"\/>\n\t<path class=\"elementor-shape-fill\" d=\"M766.1,28.9c-200-57.5-266,65.5-395.1,19.5C242,1.8,242,5.4,184.8,20.6C128,35.8,132.3,44.9,89.9,52.5C28.6,63.7,0,0,0,0 h1000c0,0-9.9,40.9-83.6,48.1S829.6,47,766.1,28.9z\"\/>\n<\/svg>\t\t<\/div>\n\t\t\t\t\t<div class=\"elementor-container elementor-column-gap-wider\">\n\t\t\t\t\t<div class=\"elementor-column elementor-col-100 elementor-top-column elementor-element elementor-element-13b4658\" data-id=\"13b4658\" data-element_type=\"column\" data-settings=\"{&quot;background_background&quot;:&quot;classic&quot;}\">\n\t\t\t<div class=\"elementor-widget-wrap elementor-element-populated\">\n\t\t\t\t\t\t<div class=\"elementor-element elementor-element-ad24671 elementor-widget elementor-widget-heading\" data-id=\"ad24671\" data-element_type=\"widget\" data-widget_type=\"heading.default\">\n\t\t\t\t<div class=\"elementor-widget-container\">\n\t\t\t<h3 class=\"elementor-heading-title elementor-size-default\">Lassen Sie uns zu neuem Leben l\u00e4cheln!<\/h3>\t\t<\/div>\n\t\t\t\t<\/div>\n\t\t\t\t<div class=\"elementor-element elementor-element-17701b5 elementor-widget elementor-widget-spacer\" data-id=\"17701b5\" data-element_type=\"widget\" data-widget_type=\"spacer.default\">\n\t\t\t\t<div class=\"elementor-widget-container\">\n\t\t\t\t\t<div class=\"elementor-spacer\">\n\t\t\t<div class=\"elementor-spacer-inner\"><\/div>\n\t\t<\/div>\n\t\t\t\t<\/div>\n\t\t\t\t<\/div>\n\t\t\t\t<div class=\"elementor-element elementor-element-fb0a588 elementor-widget elementor-widget-text-editor\" data-id=\"fb0a588\" data-element_type=\"widget\" data-widget_type=\"text-editor.default\">\n\t\t\t\t<div class=\"elementor-widget-container\">\n\t\t\t\t\t\t\t<p>Sie sind am richtigen Ort, um zu l\u00e4cheln<\/p>\t\t\t\t\t\t<\/div>\n\t\t\t\t<\/div>\n\t\t\t\t<div class=\"elementor-element elementor-element-7a08752 elementor-widget elementor-widget-spacer\" data-id=\"7a08752\" data-element_type=\"widget\" data-widget_type=\"spacer.default\">\n\t\t\t\t<div class=\"elementor-widget-container\">\n\t\t\t\t\t<div class=\"elementor-spacer\">\n\t\t\t<div class=\"elementor-spacer-inner\"><\/div>\n\t\t<\/div>\n\t\t\t\t<\/div>\n\t\t\t\t<\/div>\n\t\t\t\t<div class=\"elementor-element elementor-element-f80596f elementor-align-center elementor-widget__width-auto elementor-widget-mobile__width-inherit elementor-widget elementor-widget-the7_button_widget\" data-id=\"f80596f\" data-element_type=\"widget\" data-widget_type=\"the7_button_widget.default\">\n\t\t\t\t<div class=\"elementor-widget-container\">\n\t\t\t<div class=\"elementor-button-wrapper\"><a href=\"https:\/\/smilezoneturkey.com\/de\/kontakt\/\" class=\"box-button elementor-button elementor-size-lg\">Fordern Sie einen R\u00fcckruf an<i aria-hidden=\"true\" class=\"elementor-button-icon the7bootstrap- the7-bootstrap-telephone-inbound\"><\/i><\/a><\/div>\t\t<\/div>\n\t\t\t\t<\/div>\n\t\t\t\t<div class=\"elementor-element elementor-element-c78d128 elementor-widget__width-auto anchor-link elementor-widget elementor-widget-the7_button_widget\" data-id=\"c78d128\" data-element_type=\"widget\" data-widget_type=\"the7_button_widget.default\">\n\t\t\t\t<div class=\"elementor-widget-container\">\n\t\t\t<div class=\"elementor-button-wrapper\"><a href=\"https:\/\/smilezoneturkey.com\/de\/kontakt\/\" class=\"box-button elementor-button elementor-size-lg\">Kontaktieren Sie uns online<svg xmlns=\"http:\/\/www.w3.org\/2000\/svg\" width=\"16\" height=\"16\" fill=\"currentColor\" class=\"bi bi-arrow-right-short\" viewBox=\"0 0 16 16\"><path fill-rule=\"evenodd\" d=\"M4 8a.5.5 0 0 1 .5-.5h5.793L8.146 5.354a.5.5 0 1 1 .708-.708l3 3a.5.5 0 0 1 0 .708l-3 3a.5.5 0 0 1-.708-.708L10.293 8.5H4.5A.5.5 0 0 1 4 8z\"><\/path><\/svg><\/a><\/div>\t\t<\/div>\n\t\t\t\t<\/div>\n\t\t\t\t\t<\/div>\n\t\t<\/div>\n\t\t\t\t\t<\/div>\n\t\t<\/section>\n\t\t\t\t<\/div>\n\t\t","protected":false},"excerpt":{"rendered":"<p>Unsere Geschichte Ein zuverl\u00e4ssiger und freundlicher Partner f\u00fcr unsere Patienten Als Smile Zone Turkey sind wir mit der Vision angetreten, ein zuverl\u00e4ssiger und freundlicher Partner f\u00fcr unsere Patienten im Gesundheitstourismussektor zu sein.\u00a0Auf dieser Reise bieten wir unseren Patienten eine unvergessliche Reisem\u00f6glichkeit, indem wir Behandlung und Urlaubserlebnis kombinieren.\u00a0Mit unserem fachkundigen \u00c4rzteteam, modernen Kliniken und einem Expertenteam&hellip;<\/p>\n","protected":false},"author":1,"featured_media":0,"parent":0,"menu_order":4,"comment_status":"closed","ping_status":"closed","template":"","meta":{"footnotes":""},"class_list":["post-8041","page","type-page","status-publish","hentry"],"_links":{"self":[{"href":"https:\/\/smilezoneturkey.com\/de\/wp-json\/wp\/v2\/pages\/8041","targetHints":{"allow":["GET"]}}],"collection":[{"href":"https:\/\/smilezoneturkey.com\/de\/wp-json\/wp\/v2\/pages"}],"about":[{"href":"https:\/\/smilezoneturkey.com\/de\/wp-json\/wp\/v2\/types\/page"}],"author":[{"embeddable":true,"href":"https:\/\/smilezoneturkey.com\/de\/wp-json\/wp\/v2\/users\/1"}],"replies":[{"embeddable":true,"href":"https:\/\/smilezoneturkey.com\/de\/wp-json\/wp\/v2\/comments?post=8041"}],"version-history":[{"count":22,"href":"https:\/\/smilezoneturkey.com\/de\/wp-json\/wp\/v2\/pages\/8041\/revisions"}],"predecessor-version":[{"id":12255,"href":"https:\/\/smilezoneturkey.com\/de\/wp-json\/wp\/v2\/pages\/8041\/revisions\/12255"}],"wp:attachment":[{"href":"https:\/\/smilezoneturkey.com\/de\/wp-json\/wp\/v2\/media?parent=8041"}],"curies":[{"name":"wp","href":"https:\/\/api.w.org\/{rel}","templated":true}]}}