{"id":10057,"date":"2022-05-23T16:29:56","date_gmt":"2022-05-23T16:29:56","guid":{"rendered":"https:\/\/the7.io\/accounting\/?page_id=10057"},"modified":"2024-03-06T13:02:09","modified_gmt":"2024-03-06T13:02:09","slug":"vertragsinstitutionen","status":"publish","type":"page","link":"https:\/\/smilezoneturkey.com\/de\/vertragsinstitutionen\/","title":{"rendered":"Vertragsinstitutionen"},"content":{"rendered":"\t\t<div data-elementor-type=\"wp-page\" data-elementor-id=\"10057\" class=\"elementor elementor-10057\" data-elementor-post-type=\"page\">\n\t\t\t\t<div class=\"elementor-element elementor-element-6553551 e-flex e-con-boxed e-con e-parent\" data-id=\"6553551\" data-element_type=\"container\" data-settings=\"{&quot;content_width&quot;:&quot;boxed&quot;}\" data-core-v316-plus=\"true\">\n\t\t\t\t\t<div class=\"e-con-inner\">\n\t\t\t\t<div class=\"elementor-element elementor-element-1ce2479 the7-e-tabs-view-horizontal icon-align-left the7-e-tabs-nav-justify-flex-start elementor-widget elementor-widget-the7-tabs\" data-id=\"1ce2479\" data-element_type=\"widget\" data-settings=\"{&quot;accordion_breakpoint&quot;:&quot;none&quot;}\" data-widget_type=\"the7-tabs.default\">\n\t\t\t\t<div class=\"elementor-widget-container\">\n\t\t\t\t<div class=\"the7-e-tabs-wrapper\">\n\t\t<div class=\"the7-e-tabs-nav-wrapper\">\n\t\t\t<div class=\"the7-e-tabs-nav-scroll-wrapper\">\n\t\t\t\t<div class=\"the7-e-tabs-nav\" role=\"tablist\">\n\t\t\t\t\t\t\t\t\t\t<span class=\"item-divider\" aria-hidden=\"true\"><\/span>\n\t\t\t\t\t\t\t\t\t\t\t\t<div id=\"the7-e-tab-title-3021\" class=\"the7-e-tab-title\" aria-selected=\"true\" data-tab=\"1\" role=\"tab\" tabindex=\"0\" aria-controls=\"the7-e-tab-content-3021\" aria-expanded=\"false\">\n\t\t\t\t\t\t\t\t\t\t\t\t\t\t<h5 class=\"the7-e-tab-title-text\">\n\t\t\t\t\t\t\tDENTAFLY\t\t\t\t\t\t\t<\/h5>\n\t\t\t\t\t\t<\/div>\n\t\t\t\t\t\t<span class=\"item-divider\" aria-hidden=\"true\"><\/span>\n\t\t\t\t\t\t\t\t\t\t\t<div id=\"the7-e-tab-title-3022\" class=\"the7-e-tab-title\" aria-selected=\"false\" data-tab=\"2\" role=\"tab\" tabindex=\"-1\" aria-controls=\"the7-e-tab-content-3022\" aria-expanded=\"false\">\n\t\t\t\t\t\t\t\t\t\t\t\t\t\t<h5 class=\"the7-e-tab-title-text\">\n\t\t\t\t\t\t\tCADDE DENTAL\t\t\t\t\t\t\t<\/h5>\n\t\t\t\t\t\t<\/div>\n\t\t\t\t\t\t<span class=\"item-divider\" aria-hidden=\"true\"><\/span>\n\t\t\t\t\t\t\t\t\t\t\t<div id=\"the7-e-tab-title-3023\" class=\"the7-e-tab-title\" aria-selected=\"false\" data-tab=\"3\" role=\"tab\" tabindex=\"-1\" aria-controls=\"the7-e-tab-content-3023\" aria-expanded=\"false\">\n\t\t\t\t\t\t\t\t\t\t\t\t\t\t<h5 class=\"the7-e-tab-title-text\">\n\t\t\t\t\t\t\tKuss. DR. Berkay Y\u00fcksel: Spezialist f\u00fcr Genital\u00e4sthetik\t\t\t\t\t\t\t<\/h5>\n\t\t\t\t\t\t<\/div>\n\t\t\t\t\t\t<span class=\"item-divider\" aria-hidden=\"true\"><\/span>\n\t\t\t\t\t\t\t\t\t<\/div>\n\t\t\t<\/div>\n\t\t\t<div class=\"the7-e-tab-nav-button left-button\"><\/div>\n\t\t\t<div class=\"the7-e-tab-nav-button right-button\"><\/div>\n\t\t<\/div>\n\t\t<div class=\"the7-e-tabs-content\" role=\"tablist\" aria-orientation=\"vertical\">\n\t\t\t<span class=\"item-divider\" aria-hidden=\"true\"><\/span>\n\t\t\t\t\t\t\t<div class=\"the7-e-tab-item-wrapper\" data-tab=\"1\">\n\t\t\t\t\t<div class=\"the7-e-tab-title\" aria-selected=\"true\" data-tab=\"1\" role=\"tab\" tabindex=\"0\" aria-controls=\"elementor-tab-content-3021\" aria-expanded=\"false\">\n\t\t\t\t\t\t\t\t\t\t\t\t<h5 class=\"the7-e-tab-title-text\">\n\t\t\t\t\t\t\tDENTAFLY\t\t\t\t\t\t<\/h5>\n\t\t\t\t\t<\/div>\n\t\t\t\t\t<div id=\"the7-e-tab-content-3021\" class=\"the7-e-tab-content the7-e-tab-text-content\" data-tab=\"1\" role=\"tabpanel\" aria-labelledby=\"the7-e-tab-title-3021\" tabindex=\"0\" hidden=\"false\"><p><span>Das Dentafly Oral and Dental Health Center ist seit Jahren die beste Zahnklinik in Antalya.\u00a0Dank CAD\/CAM-Technologien, die f\u00fcr den digitalen Workflow geeignet sind, wird es von einem Team verwaltet, das auf Bereiche wie Design und Zahnimplantate spezialisiert ist.\u00a0Unsere Klinik ist mit modernster Ausstattung in einer modernen und komfortablen Umgebung ausgestattet.<\/span><\/p><p>\u00a0<\/p><p><span>Dentafly ist in der Shelters-Region von Antalya ans\u00e4ssig und verf\u00fcgt \u00fcber 25 Jahre Erfahrung.\u00a0Ziel ist es, seinen Patienten die beste Behandlung mit Implantologen zu bieten, die auf dem Gebiet der Zahnheilkunde spezialisiert und zertifiziert sind.<\/span><\/p><p>\u00a0<\/p><p><span>Dentafly ist ein f\u00fchrendes Zentrum f\u00fcr L\u00e4cheln\u00e4sthetik und Implantatbehandlungen.\u00a0Durch die Erstellung eines speziellen Behandlungsplans f\u00fcr jeden Patienten bietet es spezielle L\u00f6sungen f\u00fcr seine pers\u00f6nlichen Bed\u00fcrfnisse.\u00a0Dar\u00fcber hinaus l\u00e4sst sie ihre Patienten w\u00e4hrend der Nachbehandlung nicht allein und begleitet sie bei allen Schritten, die f\u00fcr ein gesundes L\u00e4cheln erforderlich sind.<\/span><\/p><p>\u00a0<\/p><p><span>Das Dentafly Oral and Dental Health Center ist mit seinem hochwertigen Service, seinem fachkundigen Personal und seinem patientenorientierten Ansatz weiterhin eine zuverl\u00e4ssige Adresse in Antalya.<\/span><\/p><\/div>\n\t\t\t\t<\/div>\n\t\t\t\t<span class=\"item-divider\" aria-hidden=\"true\"><\/span>\n\t\t\t\t\t\t\t<div class=\"the7-e-tab-item-wrapper\" data-tab=\"2\">\n\t\t\t\t\t<div class=\"the7-e-tab-title\" aria-selected=\"false\" data-tab=\"2\" role=\"tab\" tabindex=\"-1\" aria-controls=\"elementor-tab-content-3022\" aria-expanded=\"false\">\n\t\t\t\t\t\t\t\t\t\t\t\t<h5 class=\"the7-e-tab-title-text\">\n\t\t\t\t\t\t\tCADDE DENTAL\t\t\t\t\t\t<\/h5>\n\t\t\t\t\t<\/div>\n\t\t\t\t\t<div id=\"the7-e-tab-content-3022\" class=\"the7-e-tab-content the7-e-tab-text-content\" data-tab=\"2\" role=\"tabpanel\" aria-labelledby=\"the7-e-tab-title-3022\" tabindex=\"0\" hidden=\"hidden\"><p><span>Die private Cadde Dental Oral and Dental Health Poliklinik, die seit 2010 in Izmir t\u00e4tig ist, bietet eine breite Palette von Dienstleistungen im Bereich der Zahnheilkunde an.\u00a0Die Entwicklung von Technologien und Innovationen haben es der Zahnheilkunde erm\u00f6glicht, ein beispielloses Niveau zu erreichen.\u00a0Patienten k\u00f6nnen ihre Behandlung nun ohne Angst und \u00c4ngste durchf\u00fchren, was die Kommunikation zwischen \u00c4rzten und Patienten ges\u00fcnder macht.\u00a0Ziel von \u00d6zel Cadde Dental ist es, den Klinikbesuchen der Patienten angenehmer zu machen.<\/span><\/p><p>\u00a0<\/p><p><span>Ziel der Klinik ist es, die Patientenzufriedenheit auf h\u00f6chstem Niveau zu halten, indem sie die Entwicklung von Technologie und Innovationen genau verfolgt.\u00a0Alle Arten von Mund- und Zahngesundheitsbehandlungen werden von spezialisierten Zahn\u00e4rzten durchgef\u00fchrt.\u00a0In der Klinik im Einkaufszentrum Mavibah\u00e7e werden Dienstleistungen in Bereichen wie Implantologie, Kiefer- und Gesichtschirurgie, \u00e4sthetische Zahnheilkunde, Zahnfleischerkrankungen und Pr\u00e4ventivmedizin angeboten.<\/span><\/p><\/div>\n\t\t\t\t<\/div>\n\t\t\t\t<span class=\"item-divider\" aria-hidden=\"true\"><\/span>\n\t\t\t\t\t\t\t<div class=\"the7-e-tab-item-wrapper\" data-tab=\"3\">\n\t\t\t\t\t<div class=\"the7-e-tab-title\" aria-selected=\"false\" data-tab=\"3\" role=\"tab\" tabindex=\"-1\" aria-controls=\"elementor-tab-content-3023\" aria-expanded=\"false\">\n\t\t\t\t\t\t\t\t\t\t\t\t<h5 class=\"the7-e-tab-title-text\">\n\t\t\t\t\t\t\tKuss. DR. Berkay Y\u00fcksel: Spezialist f\u00fcr Genital\u00e4sthetik\t\t\t\t\t\t<\/h5>\n\t\t\t\t\t<\/div>\n\t\t\t\t\t<div id=\"the7-e-tab-content-3023\" class=\"the7-e-tab-content the7-e-tab-text-content\" data-tab=\"3\" role=\"tabpanel\" aria-labelledby=\"the7-e-tab-title-3023\" tabindex=\"0\" hidden=\"hidden\"><p><span>Op.\u00a0Dr. Berkay Y\u00fcksel ist ein auf Gyn\u00e4kologie spezialisierter Arzt und ein f\u00fchrender Arzt f\u00fcr genital\u00e4sthetische Operationen in der T\u00fcrkei.\u00a0Y\u00fcksel, dem die sexuelle und k\u00f6rperliche Gesundheit von Frauen am Herzen liegt, bietet seinen Patienten sichere und wirksame Behandlungen an.<\/span><\/p><p><span>Op.\u00a0Dr. Berkay Y\u00fcksel bietet seinen Patienten mit einem professionellen und individuellen Ansatz \u00e4sthetische und funktionelle Korrekturen an, die ihnen mehr Sicherheit und Wohlbefinden verleihen.<\/span><\/p><p><span>Indem er die Bed\u00fcrfnisse jedes Patienten versteht, bestimmt er die am besten geeigneten Behandlungsmethoden und f\u00fchrt seine Operationen mit gro\u00dfer Sorgfalt durch.<\/span><\/p><p><span>Wenn Sie Kontakt mit uns aufnehmen, k\u00f6nnen Sie sich \u00fcber genital\u00e4sthetische Operationen informieren und einen Termin vereinbaren.<\/span><\/p><\/div>\n\t\t\t\t<\/div>\n\t\t\t\t<span class=\"item-divider\" aria-hidden=\"true\"><\/span>\n\t\t\t\t\t<\/div>\n\t<\/div>\n\t\t\t\t<\/div>\n\t\t\t\t<\/div>\n\t\t\t\t\t<\/div>\n\t\t\t\t<\/div>\n\t\t\t\t<section class=\"elementor-section elementor-top-section elementor-element elementor-element-74c335f elementor-section-boxed elementor-section-height-default elementor-section-height-default\" data-id=\"74c335f\" data-element_type=\"section\">\n\t\t\t\t\t\t<div class=\"elementor-container elementor-column-gap-wider\">\n\t\t\t\t\t<div class=\"elementor-column elementor-col-100 elementor-top-column elementor-element elementor-element-0cc525f\" data-id=\"0cc525f\" data-element_type=\"column\">\n\t\t\t<div class=\"elementor-widget-wrap\">\n\t\t\t\t\t\t\t<\/div>\n\t\t<\/div>\n\t\t\t\t\t<\/div>\n\t\t<\/section>\n\t\t\t\t<section class=\"elementor-section elementor-top-section elementor-element elementor-element-b9609c7 elementor-section-content-middle elementor-section-boxed elementor-section-height-default elementor-section-height-default\" data-id=\"b9609c7\" data-element_type=\"section\" data-settings=\"{&quot;shape_divider_top&quot;:&quot;mountains&quot;}\">\n\t\t\t\t\t\t\t<div class=\"elementor-background-overlay\"><\/div>\n\t\t\t\t\t\t<div class=\"elementor-shape elementor-shape-top\" data-negative=\"false\">\n\t\t\t<svg xmlns=\"http:\/\/www.w3.org\/2000\/svg\" viewBox=\"0 0 1000 100\" preserveAspectRatio=\"none\">\n\t<path class=\"elementor-shape-fill\" opacity=\"0.33\" d=\"M473,67.3c-203.9,88.3-263.1-34-320.3,0C66,119.1,0,59.7,0,59.7V0h1000v59.7 c0,0-62.1,26.1-94.9,29.3c-32.8,3.3-62.8-12.3-75.8-22.1C806,49.6,745.3,8.7,694.9,4.7S492.4,59,473,67.3z\"\/>\n\t<path class=\"elementor-shape-fill\" opacity=\"0.66\" d=\"M734,67.3c-45.5,0-77.2-23.2-129.1-39.1c-28.6-8.7-150.3-10.1-254,39.1 s-91.7-34.4-149.2,0C115.7,118.3,0,39.8,0,39.8V0h1000v36.5c0,0-28.2-18.5-92.1-18.5C810.2,18.1,775.7,67.3,734,67.3z\"\/>\n\t<path class=\"elementor-shape-fill\" d=\"M766.1,28.9c-200-57.5-266,65.5-395.1,19.5C242,1.8,242,5.4,184.8,20.6C128,35.8,132.3,44.9,89.9,52.5C28.6,63.7,0,0,0,0 h1000c0,0-9.9,40.9-83.6,48.1S829.6,47,766.1,28.9z\"\/>\n<\/svg>\t\t<\/div>\n\t\t\t\t\t<div class=\"elementor-container elementor-column-gap-wider\">\n\t\t\t\t\t<div class=\"elementor-column elementor-col-100 elementor-top-column elementor-element elementor-element-11ee074\" data-id=\"11ee074\" data-element_type=\"column\" data-settings=\"{&quot;background_background&quot;:&quot;classic&quot;}\">\n\t\t\t<div class=\"elementor-widget-wrap elementor-element-populated\">\n\t\t\t\t\t\t<div class=\"elementor-element elementor-element-b56bdc3 elementor-widget elementor-widget-heading\" data-id=\"b56bdc3\" data-element_type=\"widget\" data-widget_type=\"heading.default\">\n\t\t\t\t<div class=\"elementor-widget-container\">\n\t\t\t<h3 class=\"elementor-heading-title elementor-size-default\">Die besten Unterkunftsm\u00f6glichkeiten gibt es in der Smile Zone in der T\u00fcrkei<\/h3>\t\t<\/div>\n\t\t\t\t<\/div>\n\t\t\t\t<div class=\"elementor-element elementor-element-b75c342 elementor-widget elementor-widget-spacer\" data-id=\"b75c342\" data-element_type=\"widget\" data-widget_type=\"spacer.default\">\n\t\t\t\t<div class=\"elementor-widget-container\">\n\t\t\t\t\t<div class=\"elementor-spacer\">\n\t\t\t<div class=\"elementor-spacer-inner\"><\/div>\n\t\t<\/div>\n\t\t\t\t<\/div>\n\t\t\t\t<\/div>\n\t\t\t\t<div class=\"elementor-element elementor-element-a5c34b4 elementor-widget elementor-widget-text-editor\" data-id=\"a5c34b4\" data-element_type=\"widget\" data-widget_type=\"text-editor.default\">\n\t\t\t\t<div class=\"elementor-widget-container\">\n\t\t\t\t\t\t\t<p>\u00dcberlassen Sie uns Ihre Unterkunft!<\/p>\t\t\t\t\t\t<\/div>\n\t\t\t\t<\/div>\n\t\t\t\t<div class=\"elementor-element elementor-element-d9de839 elementor-widget elementor-widget-spacer\" data-id=\"d9de839\" data-element_type=\"widget\" data-widget_type=\"spacer.default\">\n\t\t\t\t<div class=\"elementor-widget-container\">\n\t\t\t\t\t<div class=\"elementor-spacer\">\n\t\t\t<div class=\"elementor-spacer-inner\"><\/div>\n\t\t<\/div>\n\t\t\t\t<\/div>\n\t\t\t\t<\/div>\n\t\t\t\t<div class=\"elementor-element elementor-element-f799c91 elementor-align-center elementor-widget__width-auto elementor-widget-mobile__width-inherit elementor-widget elementor-widget-the7_button_widget\" data-id=\"f799c91\" data-element_type=\"widget\" data-widget_type=\"the7_button_widget.default\">\n\t\t\t\t<div class=\"elementor-widget-container\">\n\t\t\t<div class=\"elementor-button-wrapper\"><a href=\"https:\/\/smilezoneturkey.com\/de\/kontakt\/\" class=\"box-button elementor-button elementor-size-lg\">Fordern Sie einen R\u00fcckruf an<svg xmlns=\"http:\/\/www.w3.org\/2000\/svg\" width=\"16\" height=\"16\" fill=\"currentColor\" class=\"bi bi-telephone-inbound\" viewBox=\"0 0 16 16\"><path d=\"M15.854.146a.5.5 0 0 1 0 .708L11.707 5H14.5a.5.5 0 0 1 0 1h-4a.5.5 0 0 1-.5-.5v-4a.5.5 0 0 1 1 0v2.793L15.146.146a.5.5 0 0 1 .708 0zm-12.2 1.182a.678.678 0 0 0-1.015-.063L1.605 2.3c-.483.484-.661 1.169-.45 1.77a17.568 17.568 0 0 0 4.168 6.608 17.569 17.569 0 0 0 6.608 4.168c.601.211 1.286.033 1.77-.45l1.034-1.034a.678.678 0 0 0-.063-1.015l-2.307-1.794a.678.678 0 0 0-.58-.122l-2.19.547a1.745 1.745 0 0 1-1.657-.459L5.482 8.062a1.745 1.745 0 0 1-.46-1.657l.548-2.19a.678.678 0 0 0-.122-.58L3.654 1.328zM1.884.511a1.745 1.745 0 0 1 2.612.163L6.29 2.98c.329.423.445.974.315 1.494l-.547 2.19a.678.678 0 0 0 .178.643l2.457 2.457a.678.678 0 0 0 .644.178l2.189-.547a1.745 1.745 0 0 1 1.494.315l2.306 1.794c.829.645.905 1.87.163 2.611l-1.034 1.034c-.74.74-1.846 1.065-2.877.702a18.634 18.634 0 0 1-7.01-4.42 18.634 18.634 0 0 1-4.42-7.009c-.362-1.03-.037-2.137.703-2.877L1.885.511z\"><\/path><\/svg><\/a><\/div>\t\t<\/div>\n\t\t\t\t<\/div>\n\t\t\t\t<div class=\"elementor-element elementor-element-bef596f elementor-widget__width-auto anchor-link elementor-widget elementor-widget-the7_button_widget\" data-id=\"bef596f\" data-element_type=\"widget\" data-widget_type=\"the7_button_widget.default\">\n\t\t\t\t<div class=\"elementor-widget-container\">\n\t\t\t<div class=\"elementor-button-wrapper\"><a href=\"https:\/\/smilezoneturkey.com\/de\/kontakt\" class=\"box-button elementor-button elementor-size-lg\">Kontaktieren Sie uns online<svg xmlns=\"http:\/\/www.w3.org\/2000\/svg\" width=\"16\" height=\"16\" fill=\"currentColor\" class=\"bi bi-arrow-right-short\" viewBox=\"0 0 16 16\"><path fill-rule=\"evenodd\" d=\"M4 8a.5.5 0 0 1 .5-.5h5.793L8.146 5.354a.5.5 0 1 1 .708-.708l3 3a.5.5 0 0 1 0 .708l-3 3a.5.5 0 0 1-.708-.708L10.293 8.5H4.5A.5.5 0 0 1 4 8z\"><\/path><\/svg><\/a><\/div>\t\t<\/div>\n\t\t\t\t<\/div>\n\t\t\t\t\t<\/div>\n\t\t<\/div>\n\t\t\t\t\t<\/div>\n\t\t<\/section>\n\t\t\t\t<\/div>\n\t\t","protected":false},"excerpt":{"rendered":"<p>DENTAFLY CADDE DENTAL Kuss. DR. Berkay Y\u00fcksel: Spezialist f\u00fcr Genital\u00e4sthetik DENTAFLY Das Dentafly Oral and Dental Health Center ist seit Jahren die beste Zahnklinik in Antalya.\u00a0Dank CAD\/CAM-Technologien, die f\u00fcr den digitalen Workflow geeignet sind, wird es von einem Team verwaltet, das auf Bereiche wie Design und Zahnimplantate spezialisiert ist.\u00a0Unsere Klinik ist mit modernster Ausstattung in&hellip;<\/p>\n","protected":false},"author":1,"featured_media":0,"parent":0,"menu_order":17,"comment_status":"closed","ping_status":"closed","template":"","meta":{"footnotes":""},"class_list":["post-10057","page","type-page","status-publish","hentry"],"_links":{"self":[{"href":"https:\/\/smilezoneturkey.com\/de\/wp-json\/wp\/v2\/pages\/10057","targetHints":{"allow":["GET"]}}],"collection":[{"href":"https:\/\/smilezoneturkey.com\/de\/wp-json\/wp\/v2\/pages"}],"about":[{"href":"https:\/\/smilezoneturkey.com\/de\/wp-json\/wp\/v2\/types\/page"}],"author":[{"embeddable":true,"href":"https:\/\/smilezoneturkey.com\/de\/wp-json\/wp\/v2\/users\/1"}],"replies":[{"embeddable":true,"href":"https:\/\/smilezoneturkey.com\/de\/wp-json\/wp\/v2\/comments?post=10057"}],"version-history":[{"count":20,"href":"https:\/\/smilezoneturkey.com\/de\/wp-json\/wp\/v2\/pages\/10057\/revisions"}],"predecessor-version":[{"id":12218,"href":"https:\/\/smilezoneturkey.com\/de\/wp-json\/wp\/v2\/pages\/10057\/revisions\/12218"}],"wp:attachment":[{"href":"https:\/\/smilezoneturkey.com\/de\/wp-json\/wp\/v2\/media?parent=10057"}],"curies":[{"name":"wp","href":"https:\/\/api.w.org\/{rel}","templated":true}]}}